{"id":3287,"date":"2025-02-24T17:47:20","date_gmt":"2025-02-24T17:47:20","guid":{"rendered":"https:\/\/scandinaviayacht.com\/?page_id=3287"},"modified":"2025-02-26T11:06:35","modified_gmt":"2025-02-26T11:06:35","slug":"stocznia","status":"publish","type":"page","link":"https:\/\/scandinaviayacht.com\/en\/stocznia\/","title":{"rendered":"Shipyard"},"content":{"rendered":"<div data-elementor-type=\"wp-page\" data-elementor-id=\"3287\" class=\"elementor elementor-3287\" data-elementor-post-type=\"page\">\n\t\t\t\t<div class=\"elementor-element elementor-element-023e3c6 e-con-full e-flex e-con e-parent\" data-id=\"023e3c6\" data-element_type=\"container\" data-settings=\"{&quot;background_background&quot;:&quot;gradient&quot;}\">\n\t\t\t\t<\/div>\n\t\t<div class=\"elementor-element elementor-element-ae034ab e-flex e-con-boxed e-con e-parent\" data-id=\"ae034ab\" data-element_type=\"container\">\n\t\t\t\t\t<div class=\"e-con-inner\">\n\t\t<div class=\"elementor-element elementor-element-a664558 e-con-full e-flex e-con e-child\" data-id=\"a664558\" data-element_type=\"container\">\n\t\t<div class=\"elementor-element elementor-element-d0b992c e-con-full e-flex e-con e-child\" data-id=\"d0b992c\" data-element_type=\"container\">\n\t\t\t\t<div class=\"elementor-element elementor-element-e50773d elementor-widget elementor-widget-heading\" data-id=\"e50773d\" data-element_type=\"widget\" data-widget_type=\"heading.default\">\n\t\t\t\t<div class=\"elementor-widget-container\">\n\t\t\t\t\t<p class=\"elementor-heading-title elementor-size-default\">Scandinavia Yacht<\/p>\t\t\t\t<\/div>\n\t\t\t\t<\/div>\n\t\t\t\t<div class=\"elementor-element elementor-element-b7f9a6f elementor-widget elementor-widget-heading\" data-id=\"b7f9a6f\" data-element_type=\"widget\" data-widget_type=\"heading.default\">\n\t\t\t\t<div class=\"elementor-widget-container\">\n\t\t\t\t\t<h1 class=\"elementor-heading-title elementor-size-default\"> manufacturer of sailing yachts<\/h1>\t\t\t\t<\/div>\n\t\t\t\t<\/div>\n\t\t\t\t<div class=\"elementor-element elementor-element-d6f7ce4 elementor-widget-divider--view-line elementor-widget elementor-widget-global elementor-global-102 elementor-widget-divider\" data-id=\"d6f7ce4\" data-element_type=\"widget\" data-widget_type=\"divider.default\">\n\t\t\t\t<div class=\"elementor-widget-container\">\n\t\t\t\t\t\t\t<div class=\"elementor-divider\">\n\t\t\t<span class=\"elementor-divider-separator\">\n\t\t\t\t\t\t<\/span>\n\t\t<\/div>\n\t\t\t\t\t\t<\/div>\n\t\t\t\t<\/div>\n\t\t\t\t<div class=\"elementor-element elementor-element-068433b elementor-widget__width-initial elementor-widget-tablet__width-inherit elementor-widget elementor-widget-text-editor\" data-id=\"068433b\" data-element_type=\"widget\" data-widget_type=\"text-editor.default\">\n\t\t\t\t<div class=\"elementor-widget-container\">\n\t\t\t\t\t\t\t\t\t<p>Welcome to our shipyard! We are glad that you have decided to visit a place where passion for sailing meets the highest quality of craftsmanship.<\/p><p>We create units that combine modern technologies with classic elegance, providing not only exceptional sailing experiences, but also comfort and safety on the water. Our yachts are made of the highest quality materials, which guarantees their durability and excellent performance.<br \/>During your visit to our shipyard, you will learn about the entire process of creating yachts \u2013 from design to launch. You will see how our experienced craftsmen work, how we select materials and what innovations we introduce to make each unit perfect. If you dream of a yacht tailored to your needs, we are ready to fulfill them.<\/p><p><strong>Each of our sailing yachts is the result of precise craftsmanship, passion and many years of experience in the industry.<\/strong><\/p>\t\t\t\t\t\t\t\t<\/div>\n\t\t\t\t<\/div>\n\t\t\t\t<div class=\"elementor-element elementor-element-6bdb02d elementor-widget elementor-widget-ucaddon_vertical_curve_timeline\" data-id=\"6bdb02d\" data-element_type=\"widget\" data-widget_type=\"ucaddon_vertical_curve_timeline.default\">\n\t\t\t\t<div class=\"elementor-widget-container\">\n\t\t\t\t\t\n<!-- start Vertical Curved Timeline -->\n<style>\/* widget: Vertical Curved Timeline *\/\n\n#uc_vertical_curve_timeline_elementor_6bdb02d.ue-container{\n    \twidth: 100%;\n    \tdisplay: flex;\n    \talign-items: center;\n  }\n\n  \/* Timeline Container *\/\n\n#uc_vertical_curve_timeline_elementor_6bdb02d .ue-timeline {\n    width:100%;\n    \/*margin: 20px auto;\n    padding: 20px;*\/\n  \tmargin: 0 auto;\n  \tpadding: 0 20px;\n  }\n  \n  \/* Card container *\/\n#uc_vertical_curve_timeline_elementor_6bdb02d .ue-card {\n    position: relative;\n    display: flex;\n  }\n  \n#uc_vertical_curve_timeline_elementor_6bdb02d .ue-slno{\n    \/*height: 50px;\n    width: 50px;*\/\n    border-radius: 50%;\n    \/*background: #000;\n    color: #fff;*\/\n    position: absolute;\n    top: 50%;\n    left: 0;\n    transform: translate(-50%, -50%);\n    display: grid;\n    place-content: center;\n  }\n\n  \/* setting padding based on even or odd *\/\n#uc_vertical_curve_timeline_elementor_6bdb02d .ue-card:nth-child(odd) {\n    padding: 30px 0 30px 30px;\n  }\n#uc_vertical_curve_timeline_elementor_6bdb02d .ue-card:nth-child(even) {\n    padding: 30px 30px 30px 0;\n  }\n  \/* Global ::before *\/\n#uc_vertical_curve_timeline_elementor_6bdb02d .ue-card::before {\n    content: \"\";\n    position: absolute;\n    width: 50%;\n    \/*border: solid #000;*\/\n  }\n  \n  \/* Setting the border of top, bottom, left *\/\n#uc_vertical_curve_timeline_elementor_6bdb02d .ue-card:nth-child(odd)::before {\n    left: 0px;\n    top: -4.5px;\n    bottom: -4.5px;\n    border-width: 5px 0 5px 5px;\n    border-radius: 20px 0 0 20px;\n  }\n  \n  \/* Setting the top and bottom to \"-5px\" because earlier it was out of a pixel in mobile devices *\/\n  @media only screen and (max-width: 400px) {\n#uc_vertical_curve_timeline_elementor_6bdb02d .ue-card:nth-child(odd)::before {\n      top: -5px;\n      bottom: -5px;\n    }\n  }\n  \n  \/* Setting the border of top, bottom, right *\/\n#uc_vertical_curve_timeline_elementor_6bdb02d .ue-card:nth-child(even)::before {\n    right: 0;\n    top: 0;\n    bottom: 0;\n    border-width: 5px 5px 5px 0;\n    border-radius: 0 20px 20px 0;\n  }\n  \n  \/* Removing the border if it is the first card *\/\n#uc_vertical_curve_timeline_elementor_6bdb02d .ue-card:first-child::before {\n    border-top: 0;\n    border-top-left-radius: 0;\n  }\n  \n  \/* Removing the border if it is the last card  and it's odd *\/\n#uc_vertical_curve_timeline_elementor_6bdb02d .ue-card:last-child:nth-child(odd)::before {\n    border-bottom: 0;\n    border-bottom-left-radius: 0;\n  }\n  \n  \/* Removing the border if it is the last card  and it's even *\/\n#uc_vertical_curve_timeline_elementor_6bdb02d .ue-card:last-child:nth-child(even)::before {\n    border-bottom: 0;\n    border-bottom-right-radius: 0;\n  }\n  \n  \/* Information about the timeline *\/\n#uc_vertical_curve_timeline_elementor_6bdb02d .ue-info {\n    display: flex;\n    flex-direction: column;\n    \/*color: #000;*\/\n    border-radius: 10px;\n    padding: 10px;\n    width: 100%;\n  }\n  \n  \/* Title of the card *\/\n#uc_vertical_curve_timeline_elementor_6bdb02d .ue-title {\n    \/*color: #000;*\/\n    position: relative;\n  }\n  \n  \/* Timeline dot  *\/\n  \n  \/* text right if the card is even  *\/\n#uc_vertical_curve_timeline_elementor_6bdb02d .ue-card:nth-child(even) {\n    text-align: right;\n  }\n  \n#uc_vertical_curve_timeline_elementor_6bdb02d .ue-card:nth-child(even) .ue-info{\n    padding-right: 20px;\n    margin-left: auto;\n  }\n  \n#uc_vertical_curve_timeline_elementor_6bdb02d .ue-card:nth-child(odd) .ue-info{\n    padding-left: 20px;\n  }\n\n  \/* setting dot to the left if the card is odd *\/\n#uc_vertical_curve_timeline_elementor_6bdb02d .ue-card:nth-child(odd) > .ue-info > .ue-title::before {\n    left: -45px;\n  }\n  \n#uc_vertical_curve_timeline_elementor_6bdb02d .ue-card:nth-child(even) > .ue-slno{\n    right: 0%;\n    left: auto;\n    transform: translate(50%, -50%);\n  \tmargin-right:2px;\n  }\n\n#uc_vertical_curve_timeline_elementor_6bdb02d .ue-card:nth-child(odd) > .ue-slno{\n  \tmargin-left:2px;\n  }\n\n#uc_vertical_curve_timeline_elementor_6bdb02d .ue-card:nth-child(1)::before{\n    height: 50%;\n    top: auto;\n  }\n\n#uc_vertical_curve_timeline_elementor_6bdb02d .ue-card:last-child::before{\n    height: 50%;\n  }\n\n#uc_vertical_curve_timeline_elementor_6bdb02d .ue-button-link{\n\twidth:fit-content;\n  \tz-index: 100;\n}\n\n#uc_vertical_curve_timeline_elementor_6bdb02d .ue-card:nth-child(even) .ue-button-link {\n    margin-left:auto;\n  }\n\n<\/style>\n\n<div class=\"ue-container\" id=\"uc_vertical_curve_timeline_elementor_6bdb02d\">\n        <div class=\"ue-timeline\">\n            <div class=\"ue-outer\">\n              \n               <div class=\"ue-card elementor-repeater-item-34dd54e\">\n  \n\t<div class=\"ue-slno\">\n      1                  \n  <\/div>\n    <div class=\"ue-info\">\n      \t<h3 class=\"ue-title\">Hull and deck lamination<\/h3>      \t<p class=\"ue-subtitle\"><\/p>        <p class=\"ue-description\"><img decoding=\"async\" src=\"https:\/\/scandinaviayacht.com\/wp-content\/uploads\/2025\/02\/DSC_0845-scaled.jpg\" alt=\"\">\n<img decoding=\"async\" src=\"https:\/\/scandinaviayacht.com\/wp-content\/uploads\/2025\/02\/DSC_0846-scaled.jpg\" alt=\"\">\n<img decoding=\"async\" src=\"https:\/\/scandinaviayacht.com\/wp-content\/uploads\/2025\/02\/DSC_0847-scaled.jpg\" alt=\"\">\n<img decoding=\"async\" src=\"https:\/\/scandinaviayacht.com\/wp-content\/uploads\/2025\/02\/DSC_0848-scaled.jpg\" alt=\"\">\n<img decoding=\"async\" src=\"https:\/\/scandinaviayacht.com\/wp-content\/uploads\/2025\/02\/DSC_0849-scaled.jpg\" alt=\"\">\n<img decoding=\"async\" src=\"https:\/\/scandinaviayacht.com\/wp-content\/uploads\/2025\/02\/DSC_0851-scaled.jpg\" alt=\"\">\n<img decoding=\"async\" src=\"https:\/\/scandinaviayacht.com\/wp-content\/uploads\/2025\/02\/DSC_0850-scaled.jpg\" alt=\"\"><\/p>      \t    <\/div>\n<\/div>\n<div class=\"ue-card elementor-repeater-item-9664081\">\n  \n\t<div class=\"ue-slno\">\n      2                  \n  <\/div>\n    <div class=\"ue-info\">\n      \t<h3 class=\"ue-title\">Merging structural elements<\/h3>      \t<p class=\"ue-subtitle\"><\/p>        <p class=\"ue-description\"><img decoding=\"async\" src=\"https:\/\/scandinaviayacht.com\/wp-content\/uploads\/2025\/02\/DSC_0829-scaled.jpg\" alt=\"\">\n<img decoding=\"async\" src=\"https:\/\/scandinaviayacht.com\/wp-content\/uploads\/2025\/02\/DSC_0833-scaled.jpg\" alt=\"\">\n<img decoding=\"async\" src=\"https:\/\/scandinaviayacht.com\/wp-content\/uploads\/2025\/02\/DSC_0828-scaled.jpg\" alt=\"\">\n<img decoding=\"async\" src=\"https:\/\/scandinaviayacht.com\/wp-content\/uploads\/2025\/02\/DSC_0830-scaled.jpg\" alt=\"\">\n<img decoding=\"async\" src=\"https:\/\/scandinaviayacht.com\/wp-content\/uploads\/2025\/02\/DSC_0837-scaled.jpg\" alt=\"\">\n<img decoding=\"async\" src=\"https:\/\/scandinaviayacht.com\/wp-content\/uploads\/2025\/02\/DSC_0839-scaled.jpg\" alt=\"\"><\/p>      \t    <\/div>\n<\/div>\n<div class=\"ue-card elementor-repeater-item-bd0c0d6\">\n  \n\t<div class=\"ue-slno\">\n      3                  \n  <\/div>\n    <div class=\"ue-info\">\n      \t<h3 class=\"ue-title\">Equipment installation<\/h3>      \t<p class=\"ue-subtitle\">\u2022 Steering system assembly<br \/>\u2022 Interior fittings: assembly of the bodywork, bunks, galley, toilet, storage compartments.<br \/>\u2022 Electrical, hydraulic and electronic installations (lighting, navigation, pumps, batteries).<br \/>\u2022 Installation of deck fittings (cleats, capstans, rails, stays, etc.).<br \/>\u2022 Installation of mast and rigging (lines, blocks, rollers, etc.).<\/p>        <p class=\"ue-description\"><img decoding=\"async\" src=\"https:\/\/scandinaviayacht.com\/wp-content\/uploads\/2025\/02\/DSC_0834-scaled.jpg\" alt=\"\">\n<img decoding=\"async\" src=\"https:\/\/scandinaviayacht.com\/wp-content\/uploads\/2025\/02\/DSC_0835-scaled.jpg\" alt=\"\">\n<img decoding=\"async\" src=\"https:\/\/scandinaviayacht.com\/wp-content\/uploads\/2025\/02\/DSC_0836-scaled.jpg\" alt=\"\">\n<img decoding=\"async\" src=\"https:\/\/scandinaviayacht.com\/wp-content\/uploads\/2025\/02\/DSC_0841-scaled.jpg\" alt=\"\">\n<img decoding=\"async\" src=\"https:\/\/scandinaviayacht.com\/wp-content\/uploads\/2025\/02\/DSC_0842-scaled.jpg\" alt=\"\">\n<img decoding=\"async\" src=\"https:\/\/scandinaviayacht.com\/wp-content\/uploads\/2025\/02\/DSC_0843-scaled.jpg\" alt=\"\">\n<img decoding=\"async\" src=\"https:\/\/scandinaviayacht.com\/wp-content\/uploads\/2025\/02\/DSC_0844-scaled.jpg\" alt=\"\"><\/p>      \t    <\/div>\n<\/div>\n<div class=\"ue-card elementor-repeater-item-6567107\">\n  \n\t<div class=\"ue-slno\">\n      4                  \n  <\/div>\n    <div class=\"ue-info\">\n      \t<h3 class=\"ue-title\">Quality control<\/h3>      \t<p class=\"ue-subtitle\">\u2022 Laminate quality control<br \/>\u2022 Checking the tightness of the hull<\/p>        <p class=\"ue-description\"><img decoding=\"async\" src=\"https:\/\/scandinaviayacht.com\/wp-content\/uploads\/2025\/02\/IMG-20230825-WA0024-\u2014-kopia-e1740567192949.jpg\" alt=\"\"><\/p>      \t    <\/div>\n<\/div>\n<div class=\"ue-card elementor-repeater-item-1f7c987\">\n  \n\t<div class=\"ue-slno\">\n      5                  \n  <\/div>\n    <div class=\"ue-info\">\n      \t<h3 class=\"ue-title\">Transport<\/h3>      \t<p class=\"ue-subtitle\"><\/p>        <p class=\"ue-description\"><img decoding=\"async\" src=\"https:\/\/scandinaviayacht.com\/wp-content\/uploads\/2025\/02\/DSC_0186-scaled.jpg\" alt=\"\">\n<img decoding=\"async\" src=\"https:\/\/scandinaviayacht.com\/wp-content\/uploads\/2025\/02\/IMG-20230825-WA0014.jpg\" alt=\"\">\n<\/p>      \t    <\/div>\n<\/div>\n<div class=\"ue-card elementor-repeater-item-3497e7f\">\n  \n\t<div class=\"ue-slno\">\n      6                  \n  <\/div>\n    <div class=\"ue-info\">\n      \t<h3 class=\"ue-title\">Launching and assembling the mast, rigging and keel<\/h3>      \t<p class=\"ue-subtitle\"><\/p>        <p class=\"ue-description\"><img decoding=\"async\" src=\"https:\/\/scandinaviayacht.com\/wp-content\/uploads\/2025\/02\/IMG-20230825-WA0003.jpg\" alt=\"\">\n<img decoding=\"async\" src=\"https:\/\/scandinaviayacht.com\/wp-content\/uploads\/2025\/02\/DSC_0278-scaled.jpg\" alt=\"\">\n<\/p>      \t    <\/div>\n<\/div>\n<div class=\"ue-card elementor-repeater-item-4c2ef23\">\n  \n\t<div class=\"ue-slno\">\n      7                  \n  <\/div>\n    <div class=\"ue-info\">\n      \t<h3 class=\"ue-title\">Handover to the customer<\/h3>      \t<p class=\"ue-subtitle\"><\/p>        <p class=\"ue-description\"><img decoding=\"async\" src=\"https:\/\/scandinaviayacht.com\/wp-content\/uploads\/2025\/02\/DSC_0297-scaled.jpg\" alt=\"\">\n<img decoding=\"async\" src=\"https:\/\/scandinaviayacht.com\/wp-content\/uploads\/2025\/02\/DSC_0290-scaled.jpg\" alt=\"\">\n<img decoding=\"async\" src=\"https:\/\/scandinaviayacht.com\/wp-content\/uploads\/2025\/02\/DSC_0273-scaled.jpg\" alt=\"\">\n<\/p>      \t    <\/div>\n<\/div>\n\n\n            <\/div>\n          <\/div>\n    <\/div>\n<!-- end Vertical Curved Timeline -->\t\t\t\t<\/div>\n\t\t\t\t<\/div>\n\t\t\t\t<\/div>\n\t\t\t\t<\/div>\n\t\t\t\t\t<\/div>\n\t\t\t\t<\/div>\n\t\t<div class=\"elementor-element elementor-element-5a5ea21 e-flex e-con-boxed e-con e-parent\" data-id=\"5a5ea21\" data-element_type=\"container\">\n\t\t\t\t\t<div class=\"e-con-inner\">\n\t\t<div class=\"elementor-element elementor-element-7fc7b66 e-con-full e-flex e-con e-child\" data-id=\"7fc7b66\" data-element_type=\"container\">\n\t\t\t\t<div class=\"elementor-element elementor-element-1b550be elementor-widget elementor-widget-ucaddon_uc_before_after\" data-id=\"1b550be\" data-element_type=\"widget\" data-widget_type=\"ucaddon_uc_before_after.default\">\n\t\t\t\t<div class=\"elementor-widget-container\">\n\t\t\t\t\t\n<!-- start Before After -->\n<style>\/* widget: Before After *\/\n\n#uc_uc_before_after_elementor_1b550be {\n\tbox-sizing: border-box;\n\tcursor: pointer;\n\tmargin: 0;\n\toverflow: hidden;\n\tpadding: 0;\n\tposition: relative;\n\tuser-select: none;\n}\n\n#uc_uc_before_after_elementor_1b550be img{\n\tisolation: unset;\n}  \n\n#uc_uc_before_after_elementor_1b550be * {\n\tbox-sizing: inherit;\n}\n\n#uc_uc_before_after_elementor_1b550be ::after,\n#uc_uc_before_after_elementor_1b550be ::before {\n\tbox-sizing: inherit;\n}\n\n#uc_uc_before_after_elementor_1b550be img,\n#uc_uc_before_after_elementor_1b550be picture>img {\n\tmax-width: none;\n}\n\n#uc_uc_before_after_elementor_1b550be>img,\n#uc_uc_before_after_elementor_1b550be>picture>img {\n\tdisplay: block;\n\twidth: 100%;\n}\n\n#uc_uc_before_after_elementor_1b550be>div:first-child,\npicture #uc_uc_before_after_elementor_1b550be>div {\n\t\n\tleft: 0;\n\toverflow: hidden;\n\tposition: absolute;\n\ttop: 0;\n      \twidth: 50%;\n    height: 100%;\n  \t\t\n  \t\t\n}\n\n#uc_uc_before_after_elementor_1b550be .cocoen-drag {\n\tposition: absolute;\n}\n\n#uc_uc_before_after_elementor_1b550be .cocoen-drag::before {\n\tcontent: '';\n  \tposition: absolute;\n  \t      left: 50%;\n      top: 50%;\n\t  transform:translate(-50%,-50%);  \n      \n}\n\n\/* general arrows settings *\/\n\/* end general arrows settings *\/\n\n\/* horizontal direction *\/\n  #uc_uc_before_after_elementor_1b550be .cocoen-drag {\n      cursor: ew-resize;\n      bottom: 0;\n      left: 50%;\n      transform:translateX(-50%);\n      top: 0;\n  }\n\n  \t\n\/* end horizontal direction *\/\n\n\/* vertical direction *\/\n\/* end vertical direction *\/\n\n\n#uc_uc_before_after_elementor_1b550be > div {\n  z-index:1;\n}\n#uc_uc_before_after_elementor_1b550be .cocoen-drag{\n  z-index:2;\n}\n\n<\/style>\n\n<div class=\"cocoen before-after-widget\" id=\"uc_uc_before_after_elementor_1b550be\" style=\"direction:ltr;\" data-workineditor=\"false\" data-isineditor=\"no\">\n  \n  <img fetchpriority=\"high\" decoding=\"async\" src=\"https:\/\/scandinaviayacht.com\/wp-content\/uploads\/2025\/02\/DSC04176-768x432.jpg\"  alt=\"DSC04176\" width=\"768\" height=\"432\">\n  <img decoding=\"async\" src=\"https:\/\/scandinaviayacht.com\/wp-content\/uploads\/2025\/02\/DSC04176draft-768x432.jpg\"  alt=\"DSC04176draft\" width=\"768\" height=\"432\">\n    \n  \t\n  \n<\/div>\n<!-- end Before After -->\t\t\t\t<\/div>\n\t\t\t\t<\/div>\n\t\t\t\t<\/div>\n\t\t\t\t\t<\/div>\n\t\t\t\t<\/div>\n\t\t<div class=\"elementor-element elementor-element-0a88080 e-con-full e-flex e-con e-parent\" data-id=\"0a88080\" data-element_type=\"container\">\n\t\t\t\t<div class=\"elementor-element elementor-element-c1041a7 elementor-widget elementor-widget-template\" data-id=\"c1041a7\" data-element_type=\"widget\" data-widget_type=\"template.default\">\n\t\t\t\t<div class=\"elementor-widget-container\">\n\t\t\t\t\t\t\t<div class=\"elementor-template\">\n\t\t\t\t\t<div data-elementor-type=\"container\" data-elementor-id=\"2690\" class=\"elementor elementor-2690\" data-elementor-post-type=\"elementor_library\">\n\t\t\t\t<div class=\"elementor-element elementor-element-35f90b0b e-flex e-con-boxed e-con e-parent\" data-id=\"35f90b0b\" data-element_type=\"container\" data-settings=\"{&quot;background_background&quot;:&quot;classic&quot;}\">\n\t\t\t\t\t<div class=\"e-con-inner\">\n\t\t<div class=\"elementor-element elementor-element-294238e9 e-con-full e-flex e-con e-child\" data-id=\"294238e9\" data-element_type=\"container\">\n\t\t<div class=\"elementor-element elementor-element-59bf48a0 e-con-full e-flex e-con e-child\" data-id=\"59bf48a0\" data-element_type=\"container\">\n\t\t\t\t<div class=\"elementor-element elementor-element-539604e5 elementor-widget elementor-widget-heading\" data-id=\"539604e5\" data-element_type=\"widget\" data-widget_type=\"heading.default\">\n\t\t\t\t<div class=\"elementor-widget-container\">\n\t\t\t\t\t<p class=\"elementor-heading-title elementor-size-default\">Your dreams - our mission<\/p>\t\t\t\t<\/div>\n\t\t\t\t<\/div>\n\t\t\t\t<div class=\"elementor-element elementor-element-417e2dd6 elementor-widget elementor-widget-heading\" data-id=\"417e2dd6\" data-element_type=\"widget\" data-widget_type=\"heading.default\">\n\t\t\t\t<div class=\"elementor-widget-container\">\n\t\t\t\t\t<h2 class=\"elementor-heading-title elementor-size-default\">Have any questions?<\/h2>\t\t\t\t<\/div>\n\t\t\t\t<\/div>\n\t\t\t\t<div class=\"elementor-element elementor-element-3ca4c3e2 elementor-widget-divider--view-line elementor-widget elementor-widget-divider\" data-id=\"3ca4c3e2\" data-element_type=\"widget\" data-widget_type=\"divider.default\">\n\t\t\t\t<div class=\"elementor-widget-container\">\n\t\t\t\t\t\t\t<div class=\"elementor-divider\">\n\t\t\t<span class=\"elementor-divider-separator\">\n\t\t\t\t\t\t<\/span>\n\t\t<\/div>\n\t\t\t\t\t\t<\/div>\n\t\t\t\t<\/div>\n\t\t\t\t<div class=\"elementor-element elementor-element-42323848 elementor-widget__width-inherit elementor-widget-mobile__width-inherit elementor-widget elementor-widget-text-editor\" data-id=\"42323848\" data-element_type=\"widget\" data-widget_type=\"text-editor.default\">\n\t\t\t\t<div class=\"elementor-widget-container\">\n\t\t\t\t\t\t\t\t\t<p>Contact us for more information, to arrange a yacht viewing or to get advice from our experts. We are here to help you fulfill your dreams of luxury living on the water. We look forward to hearing from you!<\/p>\t\t\t\t\t\t\t\t<\/div>\n\t\t\t\t<\/div>\n\t\t\t\t<\/div>\n\t\t<div class=\"elementor-element elementor-element-372c9d22 e-con-full e-flex e-con e-child\" data-id=\"372c9d22\" data-element_type=\"container\">\n\t\t\t\t<div class=\"elementor-element elementor-element-39b3641e elementor-align-left elementor-mobile-align-justify elementor-widget-mobile__width-inherit elementor-widget elementor-widget-button\" data-id=\"39b3641e\" data-element_type=\"widget\" data-widget_type=\"button.default\">\n\t\t\t\t<div class=\"elementor-widget-container\">\n\t\t\t\t\t\t\t\t\t<div class=\"elementor-button-wrapper\">\n\t\t\t\t\t<a class=\"elementor-button elementor-button-link elementor-size-sm\" href=\"https:\/\/scandinaviayacht.com\/en\/kontakt\/\">\n\t\t\t\t\t\t<span class=\"elementor-button-content-wrapper\">\n\t\t\t\t\t\t\t\t\t<span class=\"elementor-button-text\">Contact us<\/span>\n\t\t\t\t\t<\/span>\n\t\t\t\t\t<\/a>\n\t\t\t\t<\/div>\n\t\t\t\t\t\t\t\t<\/div>\n\t\t\t\t<\/div>\n\t\t\t\t<\/div>\n\t\t\t\t<\/div>\n\t\t\t\t\t<\/div>\n\t\t\t\t<\/div>\n\t\t\t\t<\/div>\n\t\t\t\t<\/div>\n\t\t\t\t\t\t<\/div>\n\t\t\t\t<\/div>\n\t\t\t\t<\/div>\n\t\t\t\t<\/div>","protected":false},"excerpt":{"rendered":"<p>Scandinavia Yacht producent jacht\u00f3w \u017caglowych Witamy w naszej stoczni! Cieszymy si\u0119, \u017ce zdecydowa\u0142e\u015b si\u0119 odwiedzi\u0107 miejsce, gdzie pasja do \u017ceglarstwa spotyka si\u0119 z najwy\u017csz\u0105 jako\u015bci\u0105 rzemios\u0142a. Tworzymy jednostki, kt\u00f3re \u0142\u0105cz\u0105 nowoczesne technologie z klasyczn\u0105 elegancj\u0105, zapewniaj\u0105c nie tylko wyj\u0105tkowe wra\u017cenia \u017ceglarskie, ale tak\u017ce komfort i bezpiecze\u0144stwo na wodzie. Nasze jachty powstaj\u0105 z najwy\u017cszej jako\u015bci materia\u0142\u00f3w, [&hellip;]<\/p>","protected":false},"author":1,"featured_media":0,"parent":0,"menu_order":0,"comment_status":"closed","ping_status":"closed","template":"","meta":{"_acf_changed":false,"footnotes":""},"class_list":["post-3287","page","type-page","status-publish","hentry"],"acf":[],"_links":{"self":[{"href":"https:\/\/scandinaviayacht.com\/en\/wp-json\/wp\/v2\/pages\/3287","targetHints":{"allow":["GET"]}}],"collection":[{"href":"https:\/\/scandinaviayacht.com\/en\/wp-json\/wp\/v2\/pages"}],"about":[{"href":"https:\/\/scandinaviayacht.com\/en\/wp-json\/wp\/v2\/types\/page"}],"author":[{"embeddable":true,"href":"https:\/\/scandinaviayacht.com\/en\/wp-json\/wp\/v2\/users\/1"}],"replies":[{"embeddable":true,"href":"https:\/\/scandinaviayacht.com\/en\/wp-json\/wp\/v2\/comments?post=3287"}],"version-history":[{"count":73,"href":"https:\/\/scandinaviayacht.com\/en\/wp-json\/wp\/v2\/pages\/3287\/revisions"}],"predecessor-version":[{"id":3420,"href":"https:\/\/scandinaviayacht.com\/en\/wp-json\/wp\/v2\/pages\/3287\/revisions\/3420"}],"wp:attachment":[{"href":"https:\/\/scandinaviayacht.com\/en\/wp-json\/wp\/v2\/media?parent=3287"}],"curies":[{"name":"wp","href":"https:\/\/api.w.org\/{rel}","templated":true}]}}