{"id":2518,"date":"2025-02-13T20:28:23","date_gmt":"2025-02-13T20:28:23","guid":{"rendered":"https:\/\/scandinaviayacht.com\/?page_id=2518"},"modified":"2025-02-26T10:46:26","modified_gmt":"2025-02-26T10:46:26","slug":"o-nas","status":"publish","type":"page","link":"https:\/\/scandinaviayacht.com\/en\/o-nas\/","title":{"rendered":"About us"},"content":{"rendered":"<div data-elementor-type=\"wp-page\" data-elementor-id=\"2518\" class=\"elementor elementor-2518\" data-elementor-post-type=\"page\">\n\t\t\t\t<div class=\"elementor-element elementor-element-3ef2e6b e-con-full e-flex e-con e-parent\" data-id=\"3ef2e6b\" data-element_type=\"container\" data-settings=\"{&quot;background_background&quot;:&quot;gradient&quot;}\">\n\t\t\t\t<\/div>\n\t\t<div class=\"elementor-element elementor-element-cd6983d e-flex e-con-boxed e-con e-parent\" data-id=\"cd6983d\" data-element_type=\"container\">\n\t\t\t\t\t<div class=\"e-con-inner\">\n\t\t<div class=\"elementor-element elementor-element-a9ff621 e-con-full e-flex e-con e-child\" data-id=\"a9ff621\" data-element_type=\"container\">\n\t\t<div class=\"elementor-element elementor-element-c840e21 e-con-full e-flex e-con e-child\" data-id=\"c840e21\" data-element_type=\"container\">\n\t\t\t\t<div class=\"elementor-element elementor-element-2aa1c6f elementor-widget elementor-widget-heading\" data-id=\"2aa1c6f\" data-element_type=\"widget\" data-widget_type=\"heading.default\">\n\t\t\t\t<div class=\"elementor-widget-container\">\n\t\t\t\t\t<p class=\"elementor-heading-title elementor-size-default\">Our History and Development<\/p>\t\t\t\t<\/div>\n\t\t\t\t<\/div>\n\t\t\t\t<div class=\"elementor-element elementor-element-fae073d elementor-widget-divider--view-line elementor-widget elementor-widget-global elementor-global-102 elementor-widget-divider\" data-id=\"fae073d\" data-element_type=\"widget\" data-widget_type=\"divider.default\">\n\t\t\t\t<div class=\"elementor-widget-container\">\n\t\t\t\t\t\t\t<div class=\"elementor-divider\">\n\t\t\t<span class=\"elementor-divider-separator\">\n\t\t\t\t\t\t<\/span>\n\t\t<\/div>\n\t\t\t\t\t\t<\/div>\n\t\t\t\t<\/div>\n\t\t\t\t<\/div>\n\t\t\t\t<div class=\"elementor-element elementor-element-2ccb341 elementor-widget elementor-widget-ucaddon_vertical_curve_timeline\" data-id=\"2ccb341\" data-element_type=\"widget\" data-widget_type=\"ucaddon_vertical_curve_timeline.default\">\n\t\t\t\t<div class=\"elementor-widget-container\">\n\t\t\t\t\t\n<!-- start Vertical Curved Timeline -->\n<style>\/* widget: Vertical Curved Timeline *\/\n\n#uc_vertical_curve_timeline_elementor_2ccb341.ue-container{\n    \twidth: 100%;\n    \tdisplay: flex;\n    \talign-items: center;\n  }\n\n  \/* Timeline Container *\/\n\n#uc_vertical_curve_timeline_elementor_2ccb341 .ue-timeline {\n    width:100%;\n    \/*margin: 20px auto;\n    padding: 20px;*\/\n  \tmargin: 0 auto;\n  \tpadding: 0 20px;\n  }\n  \n  \/* Card container *\/\n#uc_vertical_curve_timeline_elementor_2ccb341 .ue-card {\n    position: relative;\n    display: flex;\n  }\n  \n#uc_vertical_curve_timeline_elementor_2ccb341 .ue-slno{\n    \/*height: 50px;\n    width: 50px;*\/\n    border-radius: 50%;\n    \/*background: #000;\n    color: #fff;*\/\n    position: absolute;\n    top: 50%;\n    left: 0;\n    transform: translate(-50%, -50%);\n    display: grid;\n    place-content: center;\n  }\n\n  \/* setting padding based on even or odd *\/\n#uc_vertical_curve_timeline_elementor_2ccb341 .ue-card:nth-child(odd) {\n    padding: 30px 0 30px 30px;\n  }\n#uc_vertical_curve_timeline_elementor_2ccb341 .ue-card:nth-child(even) {\n    padding: 30px 30px 30px 0;\n  }\n  \/* Global ::before *\/\n#uc_vertical_curve_timeline_elementor_2ccb341 .ue-card::before {\n    content: \"\";\n    position: absolute;\n    width: 50%;\n    \/*border: solid #000;*\/\n  }\n  \n  \/* Setting the border of top, bottom, left *\/\n#uc_vertical_curve_timeline_elementor_2ccb341 .ue-card:nth-child(odd)::before {\n    left: 0px;\n    top: -4.5px;\n    bottom: -4.5px;\n    border-width: 5px 0 5px 5px;\n    border-radius: 20px 0 0 20px;\n  }\n  \n  \/* Setting the top and bottom to \"-5px\" because earlier it was out of a pixel in mobile devices *\/\n  @media only screen and (max-width: 400px) {\n#uc_vertical_curve_timeline_elementor_2ccb341 .ue-card:nth-child(odd)::before {\n      top: -5px;\n      bottom: -5px;\n    }\n  }\n  \n  \/* Setting the border of top, bottom, right *\/\n#uc_vertical_curve_timeline_elementor_2ccb341 .ue-card:nth-child(even)::before {\n    right: 0;\n    top: 0;\n    bottom: 0;\n    border-width: 5px 5px 5px 0;\n    border-radius: 0 20px 20px 0;\n  }\n  \n  \/* Removing the border if it is the first card *\/\n#uc_vertical_curve_timeline_elementor_2ccb341 .ue-card:first-child::before {\n    border-top: 0;\n    border-top-left-radius: 0;\n  }\n  \n  \/* Removing the border if it is the last card  and it's odd *\/\n#uc_vertical_curve_timeline_elementor_2ccb341 .ue-card:last-child:nth-child(odd)::before {\n    border-bottom: 0;\n    border-bottom-left-radius: 0;\n  }\n  \n  \/* Removing the border if it is the last card  and it's even *\/\n#uc_vertical_curve_timeline_elementor_2ccb341 .ue-card:last-child:nth-child(even)::before {\n    border-bottom: 0;\n    border-bottom-right-radius: 0;\n  }\n  \n  \/* Information about the timeline *\/\n#uc_vertical_curve_timeline_elementor_2ccb341 .ue-info {\n    display: flex;\n    flex-direction: column;\n    \/*color: #000;*\/\n    border-radius: 10px;\n    padding: 10px;\n    width: 100%;\n  }\n  \n  \/* Title of the card *\/\n#uc_vertical_curve_timeline_elementor_2ccb341 .ue-title {\n    \/*color: #000;*\/\n    position: relative;\n  }\n  \n  \/* Timeline dot  *\/\n  \n  \/* text right if the card is even  *\/\n#uc_vertical_curve_timeline_elementor_2ccb341 .ue-card:nth-child(even) {\n    text-align: right;\n  }\n  \n#uc_vertical_curve_timeline_elementor_2ccb341 .ue-card:nth-child(even) .ue-info{\n    padding-right: 20px;\n    margin-left: auto;\n  }\n  \n#uc_vertical_curve_timeline_elementor_2ccb341 .ue-card:nth-child(odd) .ue-info{\n    padding-left: 20px;\n  }\n\n  \/* setting dot to the left if the card is odd *\/\n#uc_vertical_curve_timeline_elementor_2ccb341 .ue-card:nth-child(odd) > .ue-info > .ue-title::before {\n    left: -45px;\n  }\n  \n#uc_vertical_curve_timeline_elementor_2ccb341 .ue-card:nth-child(even) > .ue-slno{\n    right: 0%;\n    left: auto;\n    transform: translate(50%, -50%);\n  \tmargin-right:2px;\n  }\n\n#uc_vertical_curve_timeline_elementor_2ccb341 .ue-card:nth-child(odd) > .ue-slno{\n  \tmargin-left:2px;\n  }\n\n#uc_vertical_curve_timeline_elementor_2ccb341 .ue-card:nth-child(1)::before{\n    height: 50%;\n    top: auto;\n  }\n\n#uc_vertical_curve_timeline_elementor_2ccb341 .ue-card:last-child::before{\n    height: 50%;\n  }\n\n#uc_vertical_curve_timeline_elementor_2ccb341 .ue-button-link{\n\twidth:fit-content;\n  \tz-index: 100;\n}\n\n#uc_vertical_curve_timeline_elementor_2ccb341 .ue-card:nth-child(even) .ue-button-link {\n    margin-left:auto;\n  }\n\n<\/style>\n\n<div class=\"ue-container\" id=\"uc_vertical_curve_timeline_elementor_2ccb341\">\n        <div class=\"ue-timeline\">\n            <div class=\"ue-outer\">\n              \n               <div class=\"ue-card elementor-repeater-item-34dd54e\">\n  \n\t<div class=\"ue-slno\">\n      1                  \n  <\/div>\n    <div class=\"ue-info\">\n      \t<h3 class=\"ue-title\">Founding of the company (2006)<\/h3>      \t<p class=\"ue-subtitle\">The company was founded in Skar\u017cysko-Kamienna. <br \/> Founder: Micha\u0142 Kiersnowski.<\/p>        <p class=\"ue-description\"><b>Mission and Vision:<\/b> Creating yachts that exceed customer expectations, with an emphasis on quality, detail and an individual approach to each project.\n<\/p>      \t    <\/div>\n<\/div>\n<div class=\"ue-card elementor-repeater-item-abc40f9\">\n  \n\t<div class=\"ue-slno\">\n      2                  \n  <\/div>\n    <div class=\"ue-info\">\n      \t<h3 class=\"ue-title\">Development and expansion<\/h3>      \t<p class=\"ue-subtitle\"><\/p>        <p class=\"ue-description\"><b>2007<\/b> \u2013 Premiere of the first model: Scandinavia 26.<br \/>\n<b>2011<\/b> \u2013 Relocation and expansion of the production plant to a new area, enabling the production of 4 units simultaneously.<br \/>\n<b>The following years<\/b> \u2013 Introduction of new models: <br \/>\n<b>Scandinavia 27, 30, 35, 650 Cruiser, 650 Race(sailing),<br \/>\n950 (motor boat)<\/b><br \/>\n<b>Modern technologies: <\/b>implementation of a CNC machine facilitating precise machining of components.\n<\/p>      \t    <\/div>\n<\/div>\n<div class=\"ue-card elementor-repeater-item-98773c9\">\n  \n\t<div class=\"ue-slno\">\n      3                  \n  <\/div>\n    <div class=\"ue-info\">\n      \t<h3 class=\"ue-title\">Achievements and distinctions<\/h3>      \t<p class=\"ue-subtitle\">Over 400 yachts sold.<\/p>        <p class=\"ue-description\"><b>Most popular models: Scandinavia 27, 650, 30.<\/b><br \/>\n<b>Flagship model: Scandinavia 35 <\/b>\u2013 promoted as a prestigious choice for the most demanding customers.\n<\/p>      \t    <\/div>\n<\/div>\n<div class=\"ue-card elementor-repeater-item-69c871b\">\n  \n\t<div class=\"ue-slno\">\n      4                  \n  <\/div>\n    <div class=\"ue-info\">\n      \t<h3 class=\"ue-title\">Expansion and markets<\/h3>      \t<p class=\"ue-subtitle\">The company has gained recognition in European markets, including <b>Germany, the Netherlands, Switzerland.<\/b><\/p>        <p class=\"ue-description\">No new branches, but significant expansion of the production hall in 2011.\n<\/p>      \t    <\/div>\n<\/div>\n<div class=\"ue-card elementor-repeater-item-826a2b0\">\n  \n\t<div class=\"ue-slno\">\n      5                  \n  <\/div>\n    <div class=\"ue-info\">\n      \t<h3 class=\"ue-title\">Cooperation and partnerships<\/h3>      \t<p class=\"ue-subtitle\">Main component suppliers: <\/p>        <p class=\"ue-description\">Vetus Sp. z o. o., Volvo Penta, MAZURIA SP. Z OO, Aura-Giers, Sail Service, Parker Poland, Skaut Sp. z o. o\n<\/p>      \t    <\/div>\n<\/div>\n<div class=\"ue-card elementor-repeater-item-75b75da\">\n  \n\t<div class=\"ue-slno\">\n      6                  \n  <\/div>\n    <div class=\"ue-info\">\n      \t<h3 class=\"ue-title\">Organizational changes<\/h3>      \t<p class=\"ue-subtitle\"><b>2024<\/b> \u2013 Change of management, which introduces a new development and expansion strategy.<\/p>        <p class=\"ue-description\"><\/p>      \t    <\/div>\n<\/div>\n<div class=\"ue-card elementor-repeater-item-c9b3db9\">\n  \n\t<div class=\"ue-slno\">\n      7                  \n  <\/div>\n    <div class=\"ue-info\">\n      \t<h3 class=\"ue-title\"> Ecological commitment<\/h3>      \t<p class=\"ue-subtitle\"><b>2024<\/b> \u2013 Change of management, which introduces a new development and expansion strategy.<\/p>        <p class=\"ue-description\"><b>Extension of the offer to include electric motors and solar panels<\/b> as a response to the growing demand for ecological solutions in sailing.\n<\/p>      \t    <\/div>\n<\/div>\n<div class=\"ue-card elementor-repeater-item-aa45282\">\n  \n\t<div class=\"ue-slno\">\n      8                  \n  <\/div>\n    <div class=\"ue-info\">\n      \t<h3 class=\"ue-title\">Fairs and exhibitions<\/h3>      \t<p class=\"ue-subtitle\">The company regularly presents its yachts at <b>international and national fairs.<\/b><\/p>        <p class=\"ue-description\">Most important event: <b>Boot D\u00fcsseldorf Boat Show<\/b> \u2013 one of the largest yacht fairs in the world.\n<\/p>      \t    <\/div>\n<\/div>\n<div class=\"ue-card elementor-repeater-item-79f0700\">\n  \n\t<div class=\"ue-slno\">\n      9                  \n  <\/div>\n    <div class=\"ue-info\">\n      \t<h3 class=\"ue-title\">Evolution of the offer<\/h3>      \t<p class=\"ue-subtitle\"><b>New models:<\/b> 650 Cruiser, 650 Race, 27, 30, 35, 950.<\/p>        <p class=\"ue-description\"><b>Discontinued models: Scandinavia 26<\/b> - replaced by an improved model <b>27.<\/b>\n<\/p>      \t    <\/div>\n<\/div>\n<div class=\"ue-card elementor-repeater-item-1edcc59\">\n  \n\t<div class=\"ue-slno\">\n      10                  \n  <\/div>\n    <div class=\"ue-info\">\n      \t<h3 class=\"ue-title\"> Future and development plans<\/h3>      \t<p class=\"ue-subtitle\"><\/p>        <p class=\"ue-description\"><b>Extension of the offer<\/b> for new sailing and motor vessels.<br \/>\n<b>Expansion into new markets<\/b>, also outside Europe.<br \/>\n<b>Establishing cooperation with new dealers and business partners.<\/b>\n<\/p>      \t    <\/div>\n<\/div>\n\n\n            <\/div>\n          <\/div>\n    <\/div>\n<!-- end Vertical Curved Timeline -->\t\t\t\t<\/div>\n\t\t\t\t<\/div>\n\t\t\t\t<\/div>\n\t\t\t\t\t<\/div>\n\t\t\t\t<\/div>\n\t\t<div class=\"elementor-element elementor-element-7030b28 e-flex e-con-boxed e-con e-parent\" data-id=\"7030b28\" data-element_type=\"container\">\n\t\t\t\t\t<div class=\"e-con-inner\">\n\t\t<div class=\"elementor-element elementor-element-d9a84a7 e-con-full e-flex e-con e-child\" data-id=\"d9a84a7\" data-element_type=\"container\">\n\t\t\t\t<div class=\"elementor-element elementor-element-014e227 elementor-widget elementor-widget-ucaddon_uc_before_after\" data-id=\"014e227\" data-element_type=\"widget\" data-widget_type=\"ucaddon_uc_before_after.default\">\n\t\t\t\t<div class=\"elementor-widget-container\">\n\t\t\t\t\t\n<!-- start Before After -->\n<style>\/* widget: Before After *\/\n\n#uc_uc_before_after_elementor_014e227 {\n\tbox-sizing: border-box;\n\tcursor: pointer;\n\tmargin: 0;\n\toverflow: hidden;\n\tpadding: 0;\n\tposition: relative;\n\tuser-select: none;\n}\n\n#uc_uc_before_after_elementor_014e227 img{\n\tisolation: unset;\n}  \n\n#uc_uc_before_after_elementor_014e227 * {\n\tbox-sizing: inherit;\n}\n\n#uc_uc_before_after_elementor_014e227 ::after,\n#uc_uc_before_after_elementor_014e227 ::before {\n\tbox-sizing: inherit;\n}\n\n#uc_uc_before_after_elementor_014e227 img,\n#uc_uc_before_after_elementor_014e227 picture>img {\n\tmax-width: none;\n}\n\n#uc_uc_before_after_elementor_014e227>img,\n#uc_uc_before_after_elementor_014e227>picture>img {\n\tdisplay: block;\n\twidth: 100%;\n}\n\n#uc_uc_before_after_elementor_014e227>div:first-child,\npicture #uc_uc_before_after_elementor_014e227>div {\n\t\n\tleft: 0;\n\toverflow: hidden;\n\tposition: absolute;\n\ttop: 0;\n      \twidth: 50%;\n    height: 100%;\n  \t\t\n  \t\t\n}\n\n#uc_uc_before_after_elementor_014e227 .cocoen-drag {\n\tposition: absolute;\n}\n\n#uc_uc_before_after_elementor_014e227 .cocoen-drag::before {\n\tcontent: '';\n  \tposition: absolute;\n  \t      left: 50%;\n      top: 50%;\n\t  transform:translate(-50%,-50%);  \n      \n}\n\n\/* general arrows settings *\/\n\/* end general arrows settings *\/\n\n\/* horizontal direction *\/\n  #uc_uc_before_after_elementor_014e227 .cocoen-drag {\n      cursor: ew-resize;\n      bottom: 0;\n      left: 50%;\n      transform:translateX(-50%);\n      top: 0;\n  }\n\n  \t\n\/* end horizontal direction *\/\n\n\/* vertical direction *\/\n\/* end vertical direction *\/\n\n\n#uc_uc_before_after_elementor_014e227 > div {\n  z-index:1;\n}\n#uc_uc_before_after_elementor_014e227 .cocoen-drag{\n  z-index:2;\n}\n\n<\/style>\n\n<div class=\"cocoen before-after-widget\" id=\"uc_uc_before_after_elementor_014e227\" style=\"direction:ltr;\" data-workineditor=\"false\" data-isineditor=\"no\">\n  \n  <img fetchpriority=\"high\" decoding=\"async\" src=\"https:\/\/scandinaviayacht.com\/wp-content\/uploads\/2025\/02\/SC35i2-768x413.jpg\"  alt=\"SC35i2\" width=\"768\" height=\"413\">\n  <img decoding=\"async\" src=\"https:\/\/scandinaviayacht.com\/wp-content\/uploads\/2025\/02\/SC35isketch-768x413.jpg\"  alt=\"SC35isketch\" width=\"768\" height=\"413\">\n    \n  \t\n  \n<\/div>\n<!-- end Before After -->\t\t\t\t<\/div>\n\t\t\t\t<\/div>\n\t\t\t\t<\/div>\n\t\t\t\t\t<\/div>\n\t\t\t\t<\/div>\n\t\t\t\t<\/div>","protected":false},"excerpt":{"rendered":"<p>Nasza Historia i Rozw\u00f3j 1 Za\u0142o\u017cenie firmy (2006) Firma powsta\u0142a w Skar\u017cysku-Kamiennej. Za\u0142o\u017cyciel: Micha\u0142 Kiersnowski. Misja i wizja: Tworzenie jacht\u00f3w przekraczaj\u0105cych oczekiwania klient\u00f3w, z naciskiem na jako\u015b\u0107, detale i indywidualne podej\u015bcie do ka\u017cdego projektu. 2 Rozw\u00f3j i ekspansja 2007 \u2013 Premiera pierwszego modelu: Scandinavia 26. 2011 \u2013 Przeniesienie i rozbudowa zak\u0142adu produkcyjnego na nowy teren, [&hellip;]<\/p>","protected":false},"author":1,"featured_media":0,"parent":0,"menu_order":0,"comment_status":"closed","ping_status":"closed","template":"","meta":{"_acf_changed":false,"footnotes":""},"class_list":["post-2518","page","type-page","status-publish","hentry"],"acf":[],"_links":{"self":[{"href":"https:\/\/scandinaviayacht.com\/en\/wp-json\/wp\/v2\/pages\/2518","targetHints":{"allow":["GET"]}}],"collection":[{"href":"https:\/\/scandinaviayacht.com\/en\/wp-json\/wp\/v2\/pages"}],"about":[{"href":"https:\/\/scandinaviayacht.com\/en\/wp-json\/wp\/v2\/types\/page"}],"author":[{"embeddable":true,"href":"https:\/\/scandinaviayacht.com\/en\/wp-json\/wp\/v2\/users\/1"}],"replies":[{"embeddable":true,"href":"https:\/\/scandinaviayacht.com\/en\/wp-json\/wp\/v2\/comments?post=2518"}],"version-history":[{"count":79,"href":"https:\/\/scandinaviayacht.com\/en\/wp-json\/wp\/v2\/pages\/2518\/revisions"}],"predecessor-version":[{"id":3403,"href":"https:\/\/scandinaviayacht.com\/en\/wp-json\/wp\/v2\/pages\/2518\/revisions\/3403"}],"wp:attachment":[{"href":"https:\/\/scandinaviayacht.com\/en\/wp-json\/wp\/v2\/media?parent=2518"}],"curies":[{"name":"wp","href":"https:\/\/api.w.org\/{rel}","templated":true}]}}